{"id":1630,"date":"2026-04-12T13:54:29","date_gmt":"2026-04-12T16:54:29","guid":{"rendered":"https:\/\/nexvo.ca\/transport-en-minifourgonnette-dans-le-nord-ouest-du-nouveau-brunswick\/"},"modified":"2026-04-17T09:38:48","modified_gmt":"2026-04-17T12:38:48","slug":"transport-en-minifourgonnette","status":"publish","type":"page","link":"https:\/\/nexvo.ca\/fr\/transport-en-minifourgonnette\/","title":{"rendered":"Transport en minifourgonnette dans le Nord-Ouest du Nouveau-Brunswick"},"content":{"rendered":"\n<h1 class=\"wp-block-heading has-text-align-center\"><strong>Transport en minifourgonnette dans le Nord-Ouest du Nouveau-Brunswick<\/strong><\/h1>\n\n<p class=\"has-text-align-center has-xx-large-font-size\"><a href=\"tel:+15067332866\"><strong>(506) 733-2866<\/strong><\/a><\/p>\n\n<p class=\"has-text-align-center is-style-text-subtitle is-style-text-subtitle--1\"><strong>Transport confortable en minifourgonnette pour les familles, les petits groupes, les trajets longue distance et les d\u00e9placements urgents \u00e0 partir du Nord-Ouest du Nouveau-Brunswick vers le Qu\u00e9bec, l\u2019Ontario, le Canada atlantique et au-del\u00e0.<\/strong><\/p>\n\n<p><strong>NEXVO<\/strong> offre un service de <strong>transport en minifourgonnette<\/strong> pour les clients qui ont besoin de plus d\u2019espace, de plus de confort et de plus de flexibilit\u00e9 qu\u2019un trajet urbain ordinaire.<\/p>\n\n<p>Bas\u00e9s \u00e0 <strong>Edmundston, Nouveau-Brunswick<\/strong>, nous servons les clients priv\u00e9s et les familles partout dans le <strong>Nord-Ouest du Nouveau-Brunswick<\/strong>, notamment pour les trajets longue distance, les voyages en famille, les d\u00e9placements li\u00e9s \u00e0 l\u2019a\u00e9roport, les sorties en petit groupe et les situations urgentes o\u00f9 il est important de rentrer \u00e0 la maison en s\u00e9curit\u00e9.<\/p>\n\n<div class=\"wp-block-buttons is-content-justification-center is-layout-flex wp-container-core-buttons-is-layout-a89b3969 wp-block-buttons-is-layout-flex\">\n<div class=\"wp-block-button has-custom-width wp-block-button__width-50\"><a class=\"wp-block-button__link wp-element-button\" href=\"tel:+15067332866\"><strong>Appeler maintenant<\/strong><\/a><\/div>\n<\/div>\n\n<p class=\"has-text-align-center is-style-text-annotation has-large-font-size is-style-text-annotation--2\"><strong>Espace passagers confortable<\/strong> \u2022 <strong>Capacit\u00e9 longue distance<\/strong> \u2022 <strong>Transport adapt\u00e9 aux familles<\/strong> \u2022 <strong>Ouverts aux trajets urgents<\/strong><\/p>\n\n<hr class=\"wp-block-separator has-alpha-channel-opacity\"\/>\n\n<h2 class=\"wp-block-heading\"><strong>Con\u00e7u pour bien plus qu\u2019un trajet ordinaire<\/strong><\/h2>\n\n<p>Con\u00e7u pour bien plus qu\u2019un trajet ordinaire<\/p>\n\n<p>Le service de transport en minifourgonnette de NEXVO convient particuli\u00e8rement lorsque vous avez besoin :<\/p>\n\n<ul style=\"margin-top:var(--wp--preset--spacing--30)\" class=\"wp-block-list\">\n<li>de plus d\u2019espace pour les passagers<\/li>\n\n\n\n<li>de plus de capacit\u00e9 pour les bagages<\/li>\n\n\n\n<li>de davantage de confort pour les longues distances<\/li>\n\n\n\n<li>d\u2019un transport pour une famille ou un petit groupe<\/li>\n\n\n\n<li>d\u2019une aide pratique dans une situation urgente<\/li>\n<\/ul>\n\n<p>d\u2019une aide pratique dans une situation urgente<\/p>\n\n<hr class=\"wp-block-separator has-alpha-channel-opacity\"\/>\n\n<h2 class=\"wp-block-heading\"><strong>\u00c0 qui s\u2019adresse ce service<\/strong><\/h2>\n\n<p>Ce service convient bien :<\/p>\n\n<ul style=\"margin-top:var(--wp--preset--spacing--20)\" class=\"wp-block-list\">\n<li><strong>aux familles<\/strong><\/li>\n\n\n\n<li><strong>aux clients priv\u00e9s<\/strong><\/li>\n\n\n\n<li><strong>aux petits groupes d\u2019amis<\/strong><\/li>\n\n\n\n<li>aux personnes qui planifient un trajet longue distance<\/li>\n\n\n\n<li>aux passagers avec plus de bagages ou d\u2019effets personnels<\/li>\n\n\n\n<li>aux clients qui ont besoin d\u2019un transport urgent apr\u00e8s une panne ou une situation impr\u00e9vue<\/li>\n<\/ul>\n\n<p>Si vous cherchez un transport organis\u00e9 pour une entreprise, une institution ou une \u00e9quipe de travail, veuillez aussi consulter notre page d\u00e9di\u00e9e <strong><a href=\"https:\/\/nexvo.ca\/fr\/affaires\/transport-de-groupe-corporatif\/\" type=\"page\" id=\"1589\">Corporate Group Transportation<\/a><\/strong>.<\/p>\n\n<hr class=\"wp-block-separator has-alpha-channel-opacity\"\/>\n\n<h2 class=\"wp-block-heading\"><strong>Cas d\u2019usage typiques<\/strong><\/h2>\n\n<h3 class=\"wp-block-heading\"><strong>Transport familial<\/strong><\/h3>\n\n<p style=\"margin-top:var(--wp--preset--spacing--30)\">D\u00e9placements confortables pour les familles qui ont besoin de plus d\u2019espace pour les passagers, les bagages et les effets personnels.<\/p>\n\n<h3 class=\"wp-block-heading\"><strong>Trajets priv\u00e9s longue distance<\/strong><\/h3>\n\n<p style=\"margin-top:var(--wp--preset--spacing--20)\">Transport priv\u00e9 pour les trajets plus longs partout au <strong>Nouveau-Brunswick<\/strong>, au <strong>Qu\u00e9bec<\/strong>, en <strong>Ontario<\/strong>, dans le <strong>Canada atlantique<\/strong> et vers certaines destinations aux <strong>\u00c9tats-Unis<\/strong>, lorsque cela convient.<\/p>\n\n<h3 class=\"wp-block-heading\"><strong>Sorties entre amis<\/strong><\/h3>\n\n<p style=\"margin-top:var(--wp--preset--spacing--30)\">Une option pratique pour les petits groupes qui planifient une sortie, une fin de semaine ou un d\u00e9placement priv\u00e9 ensemble.<\/p>\n\n<h3 class=\"wp-block-heading\"><strong>Transport a\u00e9roportuaire et r\u00e9gional<\/strong><\/h3>\n\n<p style=\"margin-top:var(--wp--preset--spacing--20)\">Utile lorsqu\u2019une voiture urbaine standard ne suffit pas pour les passagers, les bagages et les besoins li\u00e9s \u00e0 un trajet plus long.<\/p>\n\n<h3 class=\"wp-block-heading\"><strong>Transport urgent apr\u00e8s une panne<\/strong><\/h3>\n\n<p style=\"margin-top:var(--wp--preset--spacing--30)\">Ouvert aux d\u00e9placements urgents lorsque votre propre v\u00e9hicule tombe en panne et que vous devez ramener rapidement \u00e0 la maison votre famille, vos bagages et vos effets personnels.<\/p>\n\n<hr class=\"wp-block-separator has-alpha-channel-opacity\"\/>\n\n<h2 class=\"wp-block-heading\"><strong>Si votre v\u00e9hicule tombe en panne, nous pouvons vous aider \u00e0 rentrer chez vous<\/strong><\/h2>\n\n<p>Une panne ne cr\u00e9e pas seulement un probl\u00e8me de r\u00e9paration. Elle cr\u00e9e souvent un <strong>probl\u00e8me de transport familial<\/strong>. <\/p>\n\n<p>Si votre v\u00e9hicule est immobilis\u00e9 pour une r\u00e9paration prolong\u00e9e et que vous \u00eates coinc\u00e9 loin de la maison, NEXVO peut vous aider avec un <strong>transport urgent de passagers<\/strong> pour vous, votre famille et vos effets personnels.<\/p>\n\n<p>Selon la situation, nous pouvons \u00eatre en mesure de transporter :<\/p>\n\n<ul style=\"margin-top:var(--wp--preset--spacing--30)\" class=\"wp-block-list\">\n<li>des passagers<\/li>\n\n\n\n<li>des bagages et effets personnels<\/li>\n\n\n\n<li>des v\u00e9los<\/li>\n\n\n\n<li>d\u2019autres articles compatibles avec le trajet<\/li>\n\n\n\n<li>m\u00eame une <strong>remorque du client<\/strong>, lorsque cela convient et dans les limites du service<\/li>\n<\/ul>\n\n<p>Cela fait de NEXVO une solution pratique lorsque vous devez laisser un v\u00e9hicule en panne derri\u00e8re vous, mais que vous devez quand m\u00eame ramener rapidement et confortablement les personnes et les effets personnels \u00e0 la maison.<\/p>\n\n<hr class=\"wp-block-separator has-alpha-channel-opacity\"\/>\n\n<h2 class=\"wp-block-heading\"><strong>Confort, espace et flexibilit\u00e9 pratique<\/strong><\/h2>\n\n<p>Le transport en minifourgonnette est particuli\u00e8rement utile lorsque le trajet comprend :<\/p>\n\n<ul style=\"margin-top:var(--wp--preset--spacing--30)\" class=\"wp-block-list\">\n<li>plus d\u2019un ou deux passagers<\/li>\n\n\n\n<li>des enfants<\/li>\n\n\n\n<li>des bagages<\/li>\n\n\n\n<li>du mat\u00e9riel sportif<\/li>\n\n\n\n<li>des v\u00e9los<\/li>\n\n\n\n<li>des effets personnels pour un voyage plus long<\/li>\n\n\n\n<li>une configuration de voyage qui demande plus de flexibilit\u00e9 qu\u2019un v\u00e9hicule de passagers ordinaire<\/li>\n<\/ul>\n\n<p>Notre objectif n\u2019est pas simplement de d\u00e9placer des gens. C\u2019est de rendre le trajet plus facile \u00e0 g\u00e9rer, surtout lorsque l\u2019espace et le confort comptent. <\/p>\n\n<hr class=\"wp-block-separator has-alpha-channel-opacity\"\/>\n\n<h2 class=\"wp-block-heading\"><strong>Bas\u00e9s \u00e0 Edmundston. Au service du Nord-Ouest du Nouveau-Brunswick. <\/strong><\/h2>\n\n<p>NEXVO est bas\u00e9 \u00e0 <strong>Edmundston<\/strong> et sert les clients priv\u00e9s partout dans le <strong>Nord-Ouest du Nouveau-Brunswick<\/strong>, notamment pour des transports li\u00e9s \u00e0 :<\/p>\n\n<ul style=\"margin-top:var(--wp--preset--spacing--30)\" class=\"wp-block-list\">\n<li><strong>Edmundston<\/strong><\/li>\n\n\n\n<li><strong>Grand-Sault<\/strong><\/li>\n\n\n\n<li><strong>Saint-Quentin<\/strong><\/li>\n\n\n\n<li><strong>Saint-L\u00e9onard<\/strong><\/li>\n\n\n\n<li><strong>D\u00e9gelis<\/strong><\/li>\n\n\n\n<li>les trajets r\u00e9gionaux environnants<\/li>\n<\/ul>\n\n<p>Pour les trajets approuv\u00e9s, le transport peut aussi s\u2019\u00e9tendre au-del\u00e0 du <strong>Nord-Ouest du Nouveau-Brunswick<\/strong> vers le <strong>Qu\u00e9bec<\/strong>, l\u2019Ontario, le <strong>Canada atlantique<\/strong> et certaines destinations s\u00e9lectionn\u00e9es aux <strong>\u00c9tats-Unis<\/strong>, selon la pertinence du trajet.<\/p>\n\n<hr class=\"wp-block-separator has-alpha-channel-opacity\"\/>\n\n<h2 class=\"wp-block-heading\"><strong>Ouverts aux trajets urgents<\/strong><\/h2>\n\n<p>Certains d\u00e9placements ne peuvent pas attendre \u00e0 plus tard.<\/p>\n\n<p>NEXVO est ouvert aux <strong>demandes urgentes de transport en minifourgonnette<\/strong>, surtout lorsque la situation implique :<\/p>\n\n<ul style=\"margin-top:var(--wp--preset--spacing--30)\" class=\"wp-block-list\">\n<li>une panne loin de la maison<\/li>\n\n\n\n<li>une famille coinc\u00e9e pendant un voyage<\/li>\n\n\n\n<li>trop de passagers ou d\u2019effets personnels pour une voiture standard<\/li>\n\n\n\n<li>un besoin impr\u00e9vu de rentrer rapidement \u00e0 la maison<\/li>\n\n\n\n<li>un trajet priv\u00e9 longue distance urgent<\/li>\n<\/ul>\n\n<p>Si votre situation est urgente, appelez-nous et expliquez le nombre de passagers, l\u2019endroit o\u00f9 vous vous trouvez, la destination et ce qui doit \u00eatre transport\u00e9.<\/p>\n\n<hr class=\"wp-block-separator has-alpha-channel-opacity\"\/>\n\n<h2 class=\"wp-block-heading\"><strong>Pourquoi choisir NEXVO<\/strong><\/h2>\n\n<h3 class=\"wp-block-heading\"><strong>Plus d\u2019espace<\/strong><\/h3>\n\n<p style=\"margin-top:var(--wp--preset--spacing--30)\">Une meilleure option lorsque les passagers, les bagages ou l\u2019\u00e9quipement d\u00e9passent ce qu\u2019une voiture standard peut accueillir confortablement.<\/p>\n\n<h3 class=\"wp-block-heading\"><strong>Confort sur longue distance<\/strong><\/h3>\n\n<p style=\"margin-top:var(--wp--preset--spacing--30)\">Bien adapt\u00e9 aux trajets o\u00f9 le confort compte davantage parce que la distance est plus importante.<\/p>\n\n<h3 class=\"wp-block-heading\"><strong>Pratique pour les familles<\/strong><\/h3>\n\n<p style=\"margin-top:var(--wp--preset--spacing--30)\">Utile pour les voyages en famille, les effets personnels et les besoins de passagers plus complexes.<\/p>\n\n<h3 class=\"wp-block-heading\"><strong>Soutien pour les d\u00e9placements urgents<\/strong><\/h3>\n\n<p style=\"margin-top:var(--wp--preset--spacing--30)\">Une solution pratique lorsque votre propre v\u00e9hicule devient inutilisable et que vous avez besoin d\u2019une solution rapide.<\/p>\n\n<h3 class=\"wp-block-heading\"><strong>Communication directe<\/strong><\/h3>\n\n<p style=\"margin-top:var(--wp--preset--spacing--30)\">Contact simple et coordination claire lorsque les plans doivent \u00eatre organis\u00e9s rapidement.<\/p>\n\n<hr class=\"wp-block-separator has-alpha-channel-opacity\"\/>\n\n<h2 class=\"wp-block-heading\"><strong>Un service de transport en minifourgonnette selon un standard pratique et fiable<\/strong><\/h2>\n\n<p>NEXVO n\u2019est pas positionn\u00e9 comme une solution de transport occasionnelle de masse. Nous offrons un <strong>transport en minifourgonnette<\/strong> pour les gens qui ont besoin de quelque chose de plus utile, plus confortable et plus fiable. <\/p>\n\n<p>Cela est particuli\u00e8rement important lorsque le trajet comprend :<\/p>\n\n<ul style=\"margin-top:var(--wp--preset--spacing--20)\" class=\"wp-block-list\">\n<li>un voyage en famille<\/li>\n\n\n\n<li>un d\u00e9placement longue distance<\/li>\n\n\n\n<li>des effets personnels<\/li>\n\n\n\n<li>un voyage en groupe entre amis<\/li>\n\n\n\n<li>un retour apr\u00e8s une panne de v\u00e9hicule<\/li>\n\n\n\n<li>le transport de retour urgent<\/li>\n<\/ul>\n\n<hr class=\"wp-block-separator has-alpha-channel-opacity\"\/>\n\n<h2 class=\"wp-block-heading\"><strong>Contacter NEXVO<\/strong><\/h2>\n\n<p>Pour discuter d\u2019un service de <strong>transport en minifourgonnette<\/strong> \u00e0 <strong>Edmundston<\/strong>, partout dans le <strong>Nord-Ouest du Nouveau-Brunswick<\/strong>, ou sur des trajets approuv\u00e9s vers le <strong>Qu\u00e9bec<\/strong>, l\u2019<strong>Ontario<\/strong>, le <strong>Canada atlantique<\/strong> et certaines destinations s\u00e9lectionn\u00e9es aux <strong>\u00c9tats-Unis<\/strong>, contactez directement NEXVO.<\/p>\n\n<p><strong>T\u00e9l\u00e9phone<\/strong> : <strong>(506) 733-2866<\/strong><br\/><strong>Courriel<\/strong> : <a href=\"mailto:support@nexvo.ca\"><strong>support@nexvo.ca<\/strong><\/a><\/p>\n\n<div class=\"wp-block-buttons is-content-justification-center is-layout-flex wp-container-core-buttons-is-layout-a89b3969 wp-block-buttons-is-layout-flex\">\n<div class=\"wp-block-button has-custom-width wp-block-button__width-50\"><a class=\"wp-block-button__link wp-element-button\" href=\"tel:+15067332866\"><strong>Appeler maintenant<\/strong><\/a><\/div>\n<\/div>\n","protected":false},"excerpt":{"rendered":"<p>Transport en minifourgonnette dans le Nord-Ouest du Nouveau-Brunswick (506) 733-2866 Transport confortable en minifourgonnette pour les familles, les petits groupes, les trajets longue distance et les d\u00e9placements urgents \u00e0 partir du Nord-Ouest du Nouveau-Brunswick vers le Qu\u00e9bec, l\u2019Ontario, le Canada atlantique et au-del\u00e0. NEXVO offre un service de transport en minifourgonnette pour les clients qui [&hellip;]<\/p>\n","protected":false},"author":1,"featured_media":662,"parent":0,"menu_order":0,"comment_status":"closed","ping_status":"closed","template":"page-no-title","meta":{"footnotes":""},"class_list":["post-1630","page","type-page","status-publish","has-post-thumbnail","hentry"],"yoast_head":"<!-- This site is optimized with the Yoast SEO plugin v27.4 - https:\/\/yoast.com\/product\/yoast-seo-wordpress\/ -->\n<title>Transport en minifourgonnette dans le Nord-Ouest du Nouveau-Brunswick | Voyages familiaux et longue distance | NEXVO<\/title>\n<meta name=\"description\" content=\"NEXVO offre un service de transport en minifourgonnette \u00e0 Edmundston et dans le Nord-Ouest du Nouveau-Brunswick pour les familles, les trajets longue distance, les petits groupes priv\u00e9s et les d\u00e9placements urgents apr\u00e8s une panne.\" \/>\n<meta name=\"robots\" content=\"index, follow, max-snippet:-1, max-image-preview:large, max-video-preview:-1\" \/>\n<link rel=\"canonical\" href=\"https:\/\/nexvo.ca\/fr\/transport-en-minifourgonnette\/\" \/>\n<meta property=\"og:locale\" content=\"fr_FR\" \/>\n<meta property=\"og:type\" content=\"article\" \/>\n<meta property=\"og:title\" content=\"Transport en minifourgonnette dans le Nord-Ouest du Nouveau-Brunswick | Voyages familiaux et longue distance | NEXVO\" \/>\n<meta property=\"og:description\" content=\"NEXVO offre un service de transport en minifourgonnette \u00e0 Edmundston et dans le Nord-Ouest du Nouveau-Brunswick pour les familles, les trajets longue distance, les petits groupes priv\u00e9s et les d\u00e9placements urgents apr\u00e8s une panne.\" \/>\n<meta property=\"og:url\" content=\"https:\/\/nexvo.ca\/fr\/transport-en-minifourgonnette\/\" \/>\n<meta property=\"og:site_name\" content=\"NEXVO\" \/>\n<meta property=\"article:modified_time\" content=\"2026-04-17T12:38:48+00:00\" \/>\n<meta property=\"og:image\" content=\"https:\/\/nexvo.ca\/wp-content\/uploads\/2025\/02\/210220050_padded_logo.png\" \/>\n\t<meta property=\"og:image:width\" content=\"1000\" \/>\n\t<meta property=\"og:image:height\" content=\"1000\" \/>\n\t<meta property=\"og:image:type\" content=\"image\/png\" \/>\n<meta name=\"twitter:card\" content=\"summary_large_image\" \/>\n<meta name=\"twitter:label1\" content=\"Dur\u00e9e de lecture estim\u00e9e\" \/>\n\t<meta name=\"twitter:data1\" content=\"6 minutes\" \/>\n<script type=\"application\/ld+json\" class=\"yoast-schema-graph\">{\"@context\":\"https:\\\/\\\/schema.org\",\"@graph\":[{\"@type\":\"WebPage\",\"@id\":\"https:\\\/\\\/nexvo.ca\\\/fr\\\/transport-en-minifourgonnette\\\/\",\"url\":\"https:\\\/\\\/nexvo.ca\\\/fr\\\/transport-en-minifourgonnette\\\/\",\"name\":\"Transport en minifourgonnette dans le Nord-Ouest du Nouveau-Brunswick | Voyages familiaux et longue distance | NEXVO\",\"isPartOf\":{\"@id\":\"https:\\\/\\\/nexvo.ca\\\/fr\\\/#website\"},\"primaryImageOfPage\":{\"@id\":\"https:\\\/\\\/nexvo.ca\\\/fr\\\/transport-en-minifourgonnette\\\/#primaryimage\"},\"image\":{\"@id\":\"https:\\\/\\\/nexvo.ca\\\/fr\\\/transport-en-minifourgonnette\\\/#primaryimage\"},\"thumbnailUrl\":\"https:\\\/\\\/nexvo.ca\\\/wp-content\\\/uploads\\\/2025\\\/02\\\/210220050_padded_logo.png\",\"datePublished\":\"2026-04-12T16:54:29+00:00\",\"dateModified\":\"2026-04-17T12:38:48+00:00\",\"description\":\"NEXVO offre un service de transport en minifourgonnette \u00e0 Edmundston et dans le Nord-Ouest du Nouveau-Brunswick pour les familles, les trajets longue distance, les petits groupes priv\u00e9s et les d\u00e9placements urgents apr\u00e8s une panne.\",\"breadcrumb\":{\"@id\":\"https:\\\/\\\/nexvo.ca\\\/fr\\\/transport-en-minifourgonnette\\\/#breadcrumb\"},\"inLanguage\":\"fr-FR\",\"potentialAction\":[{\"@type\":\"ReadAction\",\"target\":[\"https:\\\/\\\/nexvo.ca\\\/fr\\\/transport-en-minifourgonnette\\\/\"]}]},{\"@type\":\"ImageObject\",\"inLanguage\":\"fr-FR\",\"@id\":\"https:\\\/\\\/nexvo.ca\\\/fr\\\/transport-en-minifourgonnette\\\/#primaryimage\",\"url\":\"https:\\\/\\\/nexvo.ca\\\/wp-content\\\/uploads\\\/2025\\\/02\\\/210220050_padded_logo.png\",\"contentUrl\":\"https:\\\/\\\/nexvo.ca\\\/wp-content\\\/uploads\\\/2025\\\/02\\\/210220050_padded_logo.png\",\"width\":1000,\"height\":1000},{\"@type\":\"BreadcrumbList\",\"@id\":\"https:\\\/\\\/nexvo.ca\\\/fr\\\/transport-en-minifourgonnette\\\/#breadcrumb\",\"itemListElement\":[{\"@type\":\"ListItem\",\"position\":1,\"name\":\"Home\",\"item\":\"https:\\\/\\\/nexvo.ca\\\/fr\\\/\"},{\"@type\":\"ListItem\",\"position\":2,\"name\":\"Transport en minifourgonnette dans le Nord-Ouest du Nouveau-Brunswick\"}]},{\"@type\":\"WebSite\",\"@id\":\"https:\\\/\\\/nexvo.ca\\\/fr\\\/#website\",\"url\":\"https:\\\/\\\/nexvo.ca\\\/fr\\\/\",\"name\":\"NEXVO\",\"description\":\"Transport haut de gamme et livraison prioritaire\",\"publisher\":{\"@id\":\"https:\\\/\\\/nexvo.ca\\\/fr\\\/#organization\"},\"potentialAction\":[{\"@type\":\"SearchAction\",\"target\":{\"@type\":\"EntryPoint\",\"urlTemplate\":\"https:\\\/\\\/nexvo.ca\\\/fr\\\/?s={search_term_string}\"},\"query-input\":{\"@type\":\"PropertyValueSpecification\",\"valueRequired\":true,\"valueName\":\"search_term_string\"}}],\"inLanguage\":\"fr-FR\"},{\"@type\":\"Organization\",\"@id\":\"https:\\\/\\\/nexvo.ca\\\/fr\\\/#organization\",\"name\":\"NEXVO\",\"url\":\"https:\\\/\\\/nexvo.ca\\\/fr\\\/\",\"logo\":{\"@type\":\"ImageObject\",\"inLanguage\":\"fr-FR\",\"@id\":\"https:\\\/\\\/nexvo.ca\\\/fr\\\/#\\\/schema\\\/logo\\\/image\\\/\",\"url\":\"https:\\\/\\\/nexvo.ca\\\/wp-content\\\/uploads\\\/2025\\\/03\\\/cropped-Color-logo-with-background.png\",\"contentUrl\":\"https:\\\/\\\/nexvo.ca\\\/wp-content\\\/uploads\\\/2025\\\/03\\\/cropped-Color-logo-with-background.png\",\"width\":240,\"height\":59,\"caption\":\"NEXVO\"},\"image\":{\"@id\":\"https:\\\/\\\/nexvo.ca\\\/fr\\\/#\\\/schema\\\/logo\\\/image\\\/\"}}]}<\/script>\n<!-- \/ Yoast SEO plugin. -->","yoast_head_json":{"title":"Transport en minifourgonnette dans le Nord-Ouest du Nouveau-Brunswick | Voyages familiaux et longue distance | NEXVO","description":"NEXVO offre un service de transport en minifourgonnette \u00e0 Edmundston et dans le Nord-Ouest du Nouveau-Brunswick pour les familles, les trajets longue distance, les petits groupes priv\u00e9s et les d\u00e9placements urgents apr\u00e8s une panne.","robots":{"index":"index","follow":"follow","max-snippet":"max-snippet:-1","max-image-preview":"max-image-preview:large","max-video-preview":"max-video-preview:-1"},"canonical":"https:\/\/nexvo.ca\/fr\/transport-en-minifourgonnette\/","og_locale":"fr_FR","og_type":"article","og_title":"Transport en minifourgonnette dans le Nord-Ouest du Nouveau-Brunswick | Voyages familiaux et longue distance | NEXVO","og_description":"NEXVO offre un service de transport en minifourgonnette \u00e0 Edmundston et dans le Nord-Ouest du Nouveau-Brunswick pour les familles, les trajets longue distance, les petits groupes priv\u00e9s et les d\u00e9placements urgents apr\u00e8s une panne.","og_url":"https:\/\/nexvo.ca\/fr\/transport-en-minifourgonnette\/","og_site_name":"NEXVO","article_modified_time":"2026-04-17T12:38:48+00:00","og_image":[{"width":1000,"height":1000,"url":"https:\/\/nexvo.ca\/wp-content\/uploads\/2025\/02\/210220050_padded_logo.png","type":"image\/png"}],"twitter_card":"summary_large_image","twitter_misc":{"Dur\u00e9e de lecture estim\u00e9e":"6 minutes"},"schema":{"@context":"https:\/\/schema.org","@graph":[{"@type":"WebPage","@id":"https:\/\/nexvo.ca\/fr\/transport-en-minifourgonnette\/","url":"https:\/\/nexvo.ca\/fr\/transport-en-minifourgonnette\/","name":"Transport en minifourgonnette dans le Nord-Ouest du Nouveau-Brunswick | Voyages familiaux et longue distance | NEXVO","isPartOf":{"@id":"https:\/\/nexvo.ca\/fr\/#website"},"primaryImageOfPage":{"@id":"https:\/\/nexvo.ca\/fr\/transport-en-minifourgonnette\/#primaryimage"},"image":{"@id":"https:\/\/nexvo.ca\/fr\/transport-en-minifourgonnette\/#primaryimage"},"thumbnailUrl":"https:\/\/nexvo.ca\/wp-content\/uploads\/2025\/02\/210220050_padded_logo.png","datePublished":"2026-04-12T16:54:29+00:00","dateModified":"2026-04-17T12:38:48+00:00","description":"NEXVO offre un service de transport en minifourgonnette \u00e0 Edmundston et dans le Nord-Ouest du Nouveau-Brunswick pour les familles, les trajets longue distance, les petits groupes priv\u00e9s et les d\u00e9placements urgents apr\u00e8s une panne.","breadcrumb":{"@id":"https:\/\/nexvo.ca\/fr\/transport-en-minifourgonnette\/#breadcrumb"},"inLanguage":"fr-FR","potentialAction":[{"@type":"ReadAction","target":["https:\/\/nexvo.ca\/fr\/transport-en-minifourgonnette\/"]}]},{"@type":"ImageObject","inLanguage":"fr-FR","@id":"https:\/\/nexvo.ca\/fr\/transport-en-minifourgonnette\/#primaryimage","url":"https:\/\/nexvo.ca\/wp-content\/uploads\/2025\/02\/210220050_padded_logo.png","contentUrl":"https:\/\/nexvo.ca\/wp-content\/uploads\/2025\/02\/210220050_padded_logo.png","width":1000,"height":1000},{"@type":"BreadcrumbList","@id":"https:\/\/nexvo.ca\/fr\/transport-en-minifourgonnette\/#breadcrumb","itemListElement":[{"@type":"ListItem","position":1,"name":"Home","item":"https:\/\/nexvo.ca\/fr\/"},{"@type":"ListItem","position":2,"name":"Transport en minifourgonnette dans le Nord-Ouest du Nouveau-Brunswick"}]},{"@type":"WebSite","@id":"https:\/\/nexvo.ca\/fr\/#website","url":"https:\/\/nexvo.ca\/fr\/","name":"NEXVO","description":"Transport haut de gamme et livraison prioritaire","publisher":{"@id":"https:\/\/nexvo.ca\/fr\/#organization"},"potentialAction":[{"@type":"SearchAction","target":{"@type":"EntryPoint","urlTemplate":"https:\/\/nexvo.ca\/fr\/?s={search_term_string}"},"query-input":{"@type":"PropertyValueSpecification","valueRequired":true,"valueName":"search_term_string"}}],"inLanguage":"fr-FR"},{"@type":"Organization","@id":"https:\/\/nexvo.ca\/fr\/#organization","name":"NEXVO","url":"https:\/\/nexvo.ca\/fr\/","logo":{"@type":"ImageObject","inLanguage":"fr-FR","@id":"https:\/\/nexvo.ca\/fr\/#\/schema\/logo\/image\/","url":"https:\/\/nexvo.ca\/wp-content\/uploads\/2025\/03\/cropped-Color-logo-with-background.png","contentUrl":"https:\/\/nexvo.ca\/wp-content\/uploads\/2025\/03\/cropped-Color-logo-with-background.png","width":240,"height":59,"caption":"NEXVO"},"image":{"@id":"https:\/\/nexvo.ca\/fr\/#\/schema\/logo\/image\/"}}]}},"_links":{"self":[{"href":"https:\/\/nexvo.ca\/fr\/wp-json\/wp\/v2\/pages\/1630","targetHints":{"allow":["GET"]}}],"collection":[{"href":"https:\/\/nexvo.ca\/fr\/wp-json\/wp\/v2\/pages"}],"about":[{"href":"https:\/\/nexvo.ca\/fr\/wp-json\/wp\/v2\/types\/page"}],"author":[{"embeddable":true,"href":"https:\/\/nexvo.ca\/fr\/wp-json\/wp\/v2\/users\/1"}],"replies":[{"embeddable":true,"href":"https:\/\/nexvo.ca\/fr\/wp-json\/wp\/v2\/comments?post=1630"}],"version-history":[{"count":3,"href":"https:\/\/nexvo.ca\/fr\/wp-json\/wp\/v2\/pages\/1630\/revisions"}],"predecessor-version":[{"id":1658,"href":"https:\/\/nexvo.ca\/fr\/wp-json\/wp\/v2\/pages\/1630\/revisions\/1658"}],"wp:featuredmedia":[{"embeddable":true,"href":"https:\/\/nexvo.ca\/fr\/wp-json\/wp\/v2\/media\/662"}],"wp:attachment":[{"href":"https:\/\/nexvo.ca\/fr\/wp-json\/wp\/v2\/media?parent=1630"}],"curies":[{"name":"wp","href":"https:\/\/api.w.org\/{rel}","templated":true}]}}